{"id":11,"date":"2025-05-07T12:37:05","date_gmt":"2025-05-07T12:37:05","guid":{"rendered":"https:\/\/creativa-me.com\/?page_id=11"},"modified":"2025-06-23T07:59:02","modified_gmt":"2025-06-23T07:59:02","slug":"inicio","status":"publish","type":"page","link":"https:\/\/creativa-me.com\/","title":{"rendered":"Inicio"},"content":{"rendered":"\t\t<div data-elementor-type=\"wp-page\" data-elementor-id=\"11\" class=\"elementor elementor-11\" data-elementor-post-type=\"page\">\n\t\t\t\t<div class=\"elementor-element elementor-element-b7af593 e-con-full e-flex e-con e-parent\" data-id=\"b7af593\" data-element_type=\"container\" data-settings=\"{&quot;background_background&quot;:&quot;classic&quot;}\">\n\t\t\t\t<div class=\"elementor-element elementor-element-d4a86f7 elementor-invisible elementor-widget elementor-widget-heading\" data-id=\"d4a86f7\" data-element_type=\"widget\" data-settings=\"{&quot;_animation&quot;:&quot;fadeInLeft&quot;}\" data-widget_type=\"heading.default\">\n\t\t\t\t<div class=\"elementor-widget-container\">\n\t\t\t\t\t<h2 class=\"elementor-heading-title elementor-size-default\">Dise\u00f1amos <\/h2>\t\t\t\t<\/div>\n\t\t\t\t<\/div>\n\t\t\t\t<div class=\"elementor-element elementor-element-54ef35a elementor-invisible elementor-widget elementor-widget-heading\" data-id=\"54ef35a\" data-element_type=\"widget\" data-settings=\"{&quot;_animation&quot;:&quot;fadeInRight&quot;}\" data-widget_type=\"heading.default\">\n\t\t\t\t<div class=\"elementor-widget-container\">\n\t\t\t\t\t<h2 class=\"elementor-heading-title elementor-size-default\">TUS IDEAS<\/h2>\t\t\t\t<\/div>\n\t\t\t\t<\/div>\n\t\t\t\t<div class=\"elementor-element elementor-element-6a862fc elementor-invisible elementor-widget elementor-widget-text-editor\" data-id=\"6a862fc\" data-element_type=\"widget\" data-settings=\"{&quot;_animation&quot;:&quot;fadeIn&quot;}\" data-widget_type=\"text-editor.default\">\n\t\t\t\t<div class=\"elementor-widget-container\">\n\t\t\t\t\t\t\t\t\t<p>Empresa especializada en <strong>Dise\u00f1o Gr\u00e1fico<\/strong>, <strong>Publicidad<\/strong>, <strong>Marketing<\/strong> y <strong>Producci\u00f3n Gr\u00e1fica<\/strong> adaptada a todo tipo de <strong>Empresas<\/strong> del Mercado<\/p>\t\t\t\t\t\t\t\t<\/div>\n\t\t\t\t<\/div>\n\t\t\t\t<div class=\"elementor-element elementor-element-7c643e9 elementor-invisible elementor-widget elementor-widget-image\" data-id=\"7c643e9\" data-element_type=\"widget\" data-settings=\"{&quot;_animation&quot;:&quot;fadeInUp&quot;}\" data-widget_type=\"image.default\">\n\t\t\t\t<div class=\"elementor-widget-container\">\n\t\t\t\t\t\t\t\t\t\t\t\t\t\t\t<img fetchpriority=\"high\" decoding=\"async\" width=\"2000\" height=\"2000\" src=\"https:\/\/creativa-me.com\/wp-content\/uploads\/2025\/05\/ilustracion-vector-concepto-abstracto-desarrollo-frontal.png\" class=\"attachment-full size-full wp-image-60\" alt=\"\" srcset=\"https:\/\/creativa-me.com\/wp-content\/uploads\/2025\/05\/ilustracion-vector-concepto-abstracto-desarrollo-frontal.png 2000w, https:\/\/creativa-me.com\/wp-content\/uploads\/2025\/05\/ilustracion-vector-concepto-abstracto-desarrollo-frontal-300x300.png 300w, https:\/\/creativa-me.com\/wp-content\/uploads\/2025\/05\/ilustracion-vector-concepto-abstracto-desarrollo-frontal-1024x1024.png 1024w, https:\/\/creativa-me.com\/wp-content\/uploads\/2025\/05\/ilustracion-vector-concepto-abstracto-desarrollo-frontal-150x150.png 150w, https:\/\/creativa-me.com\/wp-content\/uploads\/2025\/05\/ilustracion-vector-concepto-abstracto-desarrollo-frontal-768x768.png 768w, https:\/\/creativa-me.com\/wp-content\/uploads\/2025\/05\/ilustracion-vector-concepto-abstracto-desarrollo-frontal-1536x1536.png 1536w\" sizes=\"(max-width: 2000px) 100vw, 2000px\" \/>\t\t\t\t\t\t\t\t\t\t\t\t\t\t\t<\/div>\n\t\t\t\t<\/div>\n\t\t\t\t<div class=\"elementor-element elementor-element-7f7163b elementor-align-center elementor-invisible elementor-widget elementor-widget-button\" data-id=\"7f7163b\" data-element_type=\"widget\" data-settings=\"{&quot;_animation&quot;:&quot;fadeInUp&quot;}\" data-widget_type=\"button.default\">\n\t\t\t\t<div class=\"elementor-widget-container\">\n\t\t\t\t\t\t\t\t\t<div class=\"elementor-button-wrapper\">\n\t\t\t\t\t<a class=\"elementor-button elementor-button-link elementor-size-sm\" href=\"https:\/\/creativa-me.com\/index.php\/servicios-empresas\/?customize_changeset_uuid=26027bbe-a12e-47a4-825c-96b75b882da3&#038;customize_autosaved=on\">\n\t\t\t\t\t\t<span class=\"elementor-button-content-wrapper\">\n\t\t\t\t\t\t\t\t\t<span class=\"elementor-button-text\">CONOCE NUESTROS PROYECTOS<\/span>\n\t\t\t\t\t<\/span>\n\t\t\t\t\t<\/a>\n\t\t\t\t<\/div>\n\t\t\t\t\t\t\t\t<\/div>\n\t\t\t\t<\/div>\n\t\t\t\t<\/div>\n\t\t<div class=\"elementor-element elementor-element-5358128 e-con-full e-flex e-con e-parent\" data-id=\"5358128\" data-element_type=\"container\">\n\t\t\t\t<div class=\"elementor-element elementor-element-94dba6e elementor-invisible elementor-widget elementor-widget-text-editor\" data-id=\"94dba6e\" data-element_type=\"widget\" data-settings=\"{&quot;_animation&quot;:&quot;fadeIn&quot;}\" data-widget_type=\"text-editor.default\">\n\t\t\t\t<div class=\"elementor-widget-container\">\n\t\t\t\t\t\t\t\t\t<p>Reflejamos una <strong>identidad<\/strong> <strong>\u00fanica<\/strong> acorde con los servicios que ofreces y plasmamos en cada soporte una <strong>Imagen<\/strong> <strong>Corporativa<\/strong> que proyecte el coraz\u00f3n de <strong>TU NEGOCIO<\/strong>.<\/p>\t\t\t\t\t\t\t\t<\/div>\n\t\t\t\t<\/div>\n\t\t\t\t<\/div>\n\t\t<div class=\"elementor-element elementor-element-682676c e-con-full e-flex e-con e-parent\" data-id=\"682676c\" data-element_type=\"container\">\n\t\t<div class=\"elementor-element elementor-element-2c0b565 e-con-full e-flex elementor-invisible e-con e-child\" data-id=\"2c0b565\" data-element_type=\"container\" data-settings=\"{&quot;animation&quot;:&quot;slideInLeft&quot;}\">\n\t\t\t\t<div class=\"elementor-element elementor-element-99916f9 elementor-invisible elementor-widget elementor-widget-heading\" data-id=\"99916f9\" data-element_type=\"widget\" data-settings=\"{&quot;_animation&quot;:&quot;fadeInLeft&quot;}\" data-widget_type=\"heading.default\">\n\t\t\t\t<div class=\"elementor-widget-container\">\n\t\t\t\t\t<h2 class=\"elementor-heading-title elementor-size-default\">PUBLICIDAD ONLINE<\/h2>\t\t\t\t<\/div>\n\t\t\t\t<\/div>\n\t\t\t\t<div class=\"elementor-element elementor-element-3b7cc0d elementor-invisible elementor-widget elementor-widget-heading\" data-id=\"3b7cc0d\" data-element_type=\"widget\" data-settings=\"{&quot;_animation&quot;:&quot;fadeInRight&quot;}\" data-widget_type=\"heading.default\">\n\t\t\t\t<div class=\"elementor-widget-container\">\n\t\t\t\t\t<h2 class=\"elementor-heading-title elementor-size-default\">SOCIAL MEDIA<\/h2>\t\t\t\t<\/div>\n\t\t\t\t<\/div>\n\t\t\t\t<div class=\"elementor-element elementor-element-77fe3ec elementor-invisible elementor-widget elementor-widget-heading\" data-id=\"77fe3ec\" data-element_type=\"widget\" data-settings=\"{&quot;_animation&quot;:&quot;fadeInLeft&quot;}\" data-widget_type=\"heading.default\">\n\t\t\t\t<div class=\"elementor-widget-container\">\n\t\t\t\t\t<h2 class=\"elementor-heading-title elementor-size-default\">DISE\u00d1O WEBS<\/h2>\t\t\t\t<\/div>\n\t\t\t\t<\/div>\n\t\t\t\t<div class=\"elementor-element elementor-element-5db622c elementor-invisible elementor-widget elementor-widget-heading\" data-id=\"5db622c\" data-element_type=\"widget\" data-settings=\"{&quot;_animation&quot;:&quot;fadeInRight&quot;}\" data-widget_type=\"heading.default\">\n\t\t\t\t<div class=\"elementor-widget-container\">\n\t\t\t\t\t<h2 class=\"elementor-heading-title elementor-size-default\">BRANDING<\/h2>\t\t\t\t<\/div>\n\t\t\t\t<\/div>\n\t\t\t\t<div class=\"elementor-element elementor-element-cc58d42 elementor-invisible elementor-widget elementor-widget-heading\" data-id=\"cc58d42\" data-element_type=\"widget\" data-settings=\"{&quot;_animation&quot;:&quot;fadeInLeft&quot;}\" data-widget_type=\"heading.default\">\n\t\t\t\t<div class=\"elementor-widget-container\">\n\t\t\t\t\t<h2 class=\"elementor-heading-title elementor-size-default\">REDES SOCIALES<\/h2>\t\t\t\t<\/div>\n\t\t\t\t<\/div>\n\t\t\t\t<div class=\"elementor-element elementor-element-3e847af elementor-invisible elementor-widget elementor-widget-heading\" data-id=\"3e847af\" data-element_type=\"widget\" data-settings=\"{&quot;_animation&quot;:&quot;fadeInRight&quot;}\" data-widget_type=\"heading.default\">\n\t\t\t\t<div class=\"elementor-widget-container\">\n\t\t\t\t\t<h2 class=\"elementor-heading-title elementor-size-default\">EVENTOS<\/h2>\t\t\t\t<\/div>\n\t\t\t\t<\/div>\n\t\t\t\t<div class=\"elementor-element elementor-element-1925065 elementor-invisible elementor-widget elementor-widget-heading\" data-id=\"1925065\" data-element_type=\"widget\" data-settings=\"{&quot;_animation&quot;:&quot;fadeInLeft&quot;}\" data-widget_type=\"heading.default\">\n\t\t\t\t<div class=\"elementor-widget-container\">\n\t\t\t\t\t<h2 class=\"elementor-heading-title elementor-size-default\">IMAGEN CORPORATIVA<\/h2>\t\t\t\t<\/div>\n\t\t\t\t<\/div>\n\t\t\t\t<div class=\"elementor-element elementor-element-70fd968 elementor-invisible elementor-widget elementor-widget-heading\" data-id=\"70fd968\" data-element_type=\"widget\" data-settings=\"{&quot;_animation&quot;:&quot;fadeInRight&quot;}\" data-widget_type=\"heading.default\">\n\t\t\t\t<div class=\"elementor-widget-container\">\n\t\t\t\t\t<h2 class=\"elementor-heading-title elementor-size-default\">SOPORTE F\u00cdSICO<\/h2>\t\t\t\t<\/div>\n\t\t\t\t<\/div>\n\t\t\t\t<\/div>\n\t\t<div class=\"elementor-element elementor-element-2aca3cc e-con-full e-flex e-con e-child\" data-id=\"2aca3cc\" data-element_type=\"container\">\n\t\t\t\t<div class=\"elementor-element elementor-element-3cc172e elementor-invisible elementor-widget elementor-widget-image\" data-id=\"3cc172e\" data-element_type=\"widget\" data-settings=\"{&quot;_animation&quot;:&quot;zoomIn&quot;}\" data-widget_type=\"image.default\">\n\t\t\t\t<div class=\"elementor-widget-container\">\n\t\t\t\t\t\t\t\t\t\t\t\t\t\t\t<img decoding=\"async\" width=\"1024\" height=\"1021\" src=\"https:\/\/creativa-me.com\/wp-content\/uploads\/2025\/05\/ilustracion-inicio-16-1024x1021.png\" class=\"attachment-large size-large wp-image-413\" alt=\"\" srcset=\"https:\/\/creativa-me.com\/wp-content\/uploads\/2025\/05\/ilustracion-inicio-16-1024x1021.png 1024w, https:\/\/creativa-me.com\/wp-content\/uploads\/2025\/05\/ilustracion-inicio-16-300x300.png 300w, https:\/\/creativa-me.com\/wp-content\/uploads\/2025\/05\/ilustracion-inicio-16-150x150.png 150w, https:\/\/creativa-me.com\/wp-content\/uploads\/2025\/05\/ilustracion-inicio-16-768x765.png 768w, https:\/\/creativa-me.com\/wp-content\/uploads\/2025\/05\/ilustracion-inicio-16-1536x1531.png 1536w, https:\/\/creativa-me.com\/wp-content\/uploads\/2025\/05\/ilustracion-inicio-16-2048x2041.png 2048w\" sizes=\"(max-width: 1024px) 100vw, 1024px\" \/>\t\t\t\t\t\t\t\t\t\t\t\t\t\t\t<\/div>\n\t\t\t\t<\/div>\n\t\t<div class=\"elementor-element elementor-element-83e5247 e-con-full e-flex e-con e-child\" data-id=\"83e5247\" data-element_type=\"container\">\n\t\t\t\t<div class=\"elementor-element elementor-element-8929fc0 elementor-invisible elementor-widget elementor-widget-heading\" data-id=\"8929fc0\" data-element_type=\"widget\" data-settings=\"{&quot;_animation&quot;:&quot;fadeInLeft&quot;}\" data-widget_type=\"heading.default\">\n\t\t\t\t<div class=\"elementor-widget-container\">\n\t\t\t\t\t<h2 class=\"elementor-heading-title elementor-size-default\">CONECTAMOS CONTIGO,<\/h2>\t\t\t\t<\/div>\n\t\t\t\t<\/div>\n\t\t\t\t<div class=\"elementor-element elementor-element-c526a73 elementor-invisible elementor-widget elementor-widget-heading\" data-id=\"c526a73\" data-element_type=\"widget\" data-settings=\"{&quot;_animation&quot;:&quot;zoomIn&quot;}\" data-widget_type=\"heading.default\">\n\t\t\t\t<div class=\"elementor-widget-container\">\n\t\t\t\t\t<h2 class=\"elementor-heading-title elementor-size-default\">CON TUS IDEAS.<\/h2>\t\t\t\t<\/div>\n\t\t\t\t<\/div>\n\t\t\t\t<\/div>\n\t\t\t\t<\/div>\n\t\t\t\t<\/div>\n\t\t<div class=\"elementor-element elementor-element-c99cf7e e-con-full e-flex e-con e-parent\" data-id=\"c99cf7e\" data-element_type=\"container\" data-settings=\"{&quot;background_background&quot;:&quot;classic&quot;}\">\n\t\t<div class=\"elementor-element elementor-element-88e8459 e-con-full e-flex elementor-invisible e-con e-child\" data-id=\"88e8459\" data-element_type=\"container\" data-settings=\"{&quot;animation&quot;:&quot;zoomIn&quot;}\">\n\t\t\t\t<div class=\"elementor-element elementor-element-1b32ad5 elementor-widget elementor-widget-image\" data-id=\"1b32ad5\" data-element_type=\"widget\" data-widget_type=\"image.default\">\n\t\t\t\t<div class=\"elementor-widget-container\">\n\t\t\t\t\t\t\t\t\t\t\t\t\t\t\t\t<a href=\"https:\/\/creativa-me.com\/index.php\/empresas\/?customize_changeset_uuid=26027bbe-a12e-47a4-825c-96b75b882da3&#038;customize_autosaved=on\">\n\t\t\t\t\t\t\t<img decoding=\"async\" width=\"1024\" height=\"1021\" src=\"https:\/\/creativa-me.com\/wp-content\/uploads\/2025\/05\/ilustracion-tamano-def-inicio-02-1024x1021.png\" class=\"attachment-large size-large wp-image-287\" alt=\"\" srcset=\"https:\/\/creativa-me.com\/wp-content\/uploads\/2025\/05\/ilustracion-tamano-def-inicio-02-1024x1021.png 1024w, https:\/\/creativa-me.com\/wp-content\/uploads\/2025\/05\/ilustracion-tamano-def-inicio-02-300x300.png 300w, https:\/\/creativa-me.com\/wp-content\/uploads\/2025\/05\/ilustracion-tamano-def-inicio-02-150x150.png 150w, https:\/\/creativa-me.com\/wp-content\/uploads\/2025\/05\/ilustracion-tamano-def-inicio-02-768x765.png 768w, https:\/\/creativa-me.com\/wp-content\/uploads\/2025\/05\/ilustracion-tamano-def-inicio-02-1536x1531.png 1536w, https:\/\/creativa-me.com\/wp-content\/uploads\/2025\/05\/ilustracion-tamano-def-inicio-02-2048x2041.png 2048w\" sizes=\"(max-width: 1024px) 100vw, 1024px\" \/>\t\t\t\t\t\t\t\t<\/a>\n\t\t\t\t\t\t\t\t\t\t\t\t\t\t\t<\/div>\n\t\t\t\t<\/div>\n\t\t\t\t<div class=\"elementor-element elementor-element-fdb709e elementor-widget elementor-widget-heading\" data-id=\"fdb709e\" data-element_type=\"widget\" data-widget_type=\"heading.default\">\n\t\t\t\t<div class=\"elementor-widget-container\">\n\t\t\t\t\t<h2 class=\"elementor-heading-title elementor-size-default\">EMPRESAS<\/h2>\t\t\t\t<\/div>\n\t\t\t\t<\/div>\n\t\t\t\t<\/div>\n\t\t<div class=\"elementor-element elementor-element-3a2424f e-con-full e-flex elementor-invisible e-con e-child\" data-id=\"3a2424f\" data-element_type=\"container\" data-settings=\"{&quot;animation&quot;:&quot;zoomIn&quot;}\">\n\t\t\t\t<div class=\"elementor-element elementor-element-0714f21 elementor-widget elementor-widget-image\" data-id=\"0714f21\" data-element_type=\"widget\" data-widget_type=\"image.default\">\n\t\t\t\t<div class=\"elementor-widget-container\">\n\t\t\t\t\t\t\t\t\t\t\t\t\t\t\t\t<a href=\"https:\/\/creativa-me.com\/index.php\/rrss-y-web\/\">\n\t\t\t\t\t\t\t<img loading=\"lazy\" decoding=\"async\" width=\"1024\" height=\"1021\" src=\"https:\/\/creativa-me.com\/wp-content\/uploads\/2025\/05\/ilustracion-tamano-def-inicio-03-1024x1021.png\" class=\"attachment-large size-large wp-image-288\" alt=\"\" srcset=\"https:\/\/creativa-me.com\/wp-content\/uploads\/2025\/05\/ilustracion-tamano-def-inicio-03-1024x1021.png 1024w, https:\/\/creativa-me.com\/wp-content\/uploads\/2025\/05\/ilustracion-tamano-def-inicio-03-300x300.png 300w, https:\/\/creativa-me.com\/wp-content\/uploads\/2025\/05\/ilustracion-tamano-def-inicio-03-150x150.png 150w, https:\/\/creativa-me.com\/wp-content\/uploads\/2025\/05\/ilustracion-tamano-def-inicio-03-768x765.png 768w, https:\/\/creativa-me.com\/wp-content\/uploads\/2025\/05\/ilustracion-tamano-def-inicio-03-1536x1531.png 1536w, https:\/\/creativa-me.com\/wp-content\/uploads\/2025\/05\/ilustracion-tamano-def-inicio-03-2048x2041.png 2048w\" sizes=\"(max-width: 1024px) 100vw, 1024px\" \/>\t\t\t\t\t\t\t\t<\/a>\n\t\t\t\t\t\t\t\t\t\t\t\t\t\t\t<\/div>\n\t\t\t\t<\/div>\n\t\t\t\t<div class=\"elementor-element elementor-element-7841d46 elementor-widget elementor-widget-heading\" data-id=\"7841d46\" data-element_type=\"widget\" data-widget_type=\"heading.default\">\n\t\t\t\t<div class=\"elementor-widget-container\">\n\t\t\t\t\t<h2 class=\"elementor-heading-title elementor-size-default\">SOCIAL MEDIA &amp; WEB<\/h2>\t\t\t\t<\/div>\n\t\t\t\t<\/div>\n\t\t\t\t<\/div>\n\t\t<div class=\"elementor-element elementor-element-69e7a5b e-con-full e-flex elementor-invisible e-con e-child\" data-id=\"69e7a5b\" data-element_type=\"container\" data-settings=\"{&quot;animation&quot;:&quot;zoomIn&quot;}\">\n\t\t\t\t<div class=\"elementor-element elementor-element-715ffbf elementor-widget elementor-widget-image\" data-id=\"715ffbf\" data-element_type=\"widget\" data-widget_type=\"image.default\">\n\t\t\t\t<div class=\"elementor-widget-container\">\n\t\t\t\t\t\t\t\t\t\t\t\t\t\t\t\t<a href=\"https:\/\/creativa-me.com\/index.php\/eventos\/\">\n\t\t\t\t\t\t\t<img loading=\"lazy\" decoding=\"async\" width=\"1024\" height=\"1021\" src=\"https:\/\/creativa-me.com\/wp-content\/uploads\/2025\/05\/ilustracion-tamano-def-inicio-01-1024x1021.png\" class=\"attachment-large size-large wp-image-286\" alt=\"\" srcset=\"https:\/\/creativa-me.com\/wp-content\/uploads\/2025\/05\/ilustracion-tamano-def-inicio-01-1024x1021.png 1024w, https:\/\/creativa-me.com\/wp-content\/uploads\/2025\/05\/ilustracion-tamano-def-inicio-01-300x300.png 300w, https:\/\/creativa-me.com\/wp-content\/uploads\/2025\/05\/ilustracion-tamano-def-inicio-01-150x150.png 150w, https:\/\/creativa-me.com\/wp-content\/uploads\/2025\/05\/ilustracion-tamano-def-inicio-01-768x765.png 768w, https:\/\/creativa-me.com\/wp-content\/uploads\/2025\/05\/ilustracion-tamano-def-inicio-01-1536x1531.png 1536w, https:\/\/creativa-me.com\/wp-content\/uploads\/2025\/05\/ilustracion-tamano-def-inicio-01-2048x2041.png 2048w\" sizes=\"(max-width: 1024px) 100vw, 1024px\" \/>\t\t\t\t\t\t\t\t<\/a>\n\t\t\t\t\t\t\t\t\t\t\t\t\t\t\t<\/div>\n\t\t\t\t<\/div>\n\t\t\t\t<div class=\"elementor-element elementor-element-ee12e5e elementor-widget elementor-widget-heading\" data-id=\"ee12e5e\" data-element_type=\"widget\" data-widget_type=\"heading.default\">\n\t\t\t\t<div class=\"elementor-widget-container\">\n\t\t\t\t\t<h2 class=\"elementor-heading-title elementor-size-default\">EVENTOS<\/h2>\t\t\t\t<\/div>\n\t\t\t\t<\/div>\n\t\t\t\t<\/div>\n\t\t\t\t<\/div>\n\t\t<div class=\"elementor-element elementor-element-54b7327 e-con-full e-flex elementor-invisible e-con e-parent\" data-id=\"54b7327\" data-element_type=\"container\" data-settings=\"{&quot;background_background&quot;:&quot;classic&quot;,&quot;animation&quot;:&quot;fadeInLeft&quot;}\">\n\t\t\t\t<div class=\"elementor-element elementor-element-2ef18d8 elementor-widget elementor-widget-heading\" data-id=\"2ef18d8\" data-element_type=\"widget\" data-widget_type=\"heading.default\">\n\t\t\t\t<div class=\"elementor-widget-container\">\n\t\t\t\t\t<h2 class=\"elementor-heading-title elementor-size-default\">De la mano de nuestros CLIENTES,<\/h2>\t\t\t\t<\/div>\n\t\t\t\t<\/div>\n\t\t\t\t<div class=\"elementor-element elementor-element-84167c5 elementor-widget elementor-widget-text-editor\" data-id=\"84167c5\" data-element_type=\"widget\" data-widget_type=\"text-editor.default\">\n\t\t\t\t<div class=\"elementor-widget-container\">\n\t\t\t\t\t\t\t\t\t<p>proyectamos el OBJETIVO m\u00e1s importante para ellos,<\/p>\t\t\t\t\t\t\t\t<\/div>\n\t\t\t\t<\/div>\n\t\t\t\t<div class=\"elementor-element elementor-element-907f028 elementor-widget elementor-widget-heading\" data-id=\"907f028\" data-element_type=\"widget\" data-widget_type=\"heading.default\">\n\t\t\t\t<div class=\"elementor-widget-container\">\n\t\t\t\t\t<h2 class=\"elementor-heading-title elementor-size-default\">ver crecer a su Empresa, dise\u00f1ando su IMAGEN y<\/h2>\t\t\t\t<\/div>\n\t\t\t\t<\/div>\n\t\t\t\t<div class=\"elementor-element elementor-element-3b227a6 elementor-widget elementor-widget-text-editor\" data-id=\"3b227a6\" data-element_type=\"widget\" data-widget_type=\"text-editor.default\">\n\t\t\t\t<div class=\"elementor-widget-container\">\n\t\t\t\t\t\t\t\t\t<p>ofreci\u00e9ndoles un <span style=\"color: #00af9a;\"><strong>SOPORTE PUBLICITARIO<\/strong> <\/span>a su medida.\u00a0<\/p>\t\t\t\t\t\t\t\t<\/div>\n\t\t\t\t<\/div>\n\t\t\t\t<\/div>\n\t\t\t\t<\/div>\n\t\t","protected":false},"excerpt":{"rendered":"<p>Dise\u00f1amos TUS IDEAS Empresa especializada en Dise\u00f1o Gr\u00e1fico, Publicidad, Marketing y Producci\u00f3n Gr\u00e1fica adaptada a todo tipo de Empresas del [&hellip;]<\/p>\n","protected":false},"author":1,"featured_media":0,"parent":0,"menu_order":0,"comment_status":"closed","ping_status":"closed","template":"elementor_header_footer","meta":{"site-sidebar-layout":"no-sidebar","site-content-layout":"plain-container","ast-site-content-layout":"full-width-container","site-content-style":"unboxed","site-sidebar-style":"default","ast-global-header-display":"","ast-banner-title-visibility":"","ast-main-header-display":"","ast-hfb-above-header-display":"","ast-hfb-below-header-display":"","ast-hfb-mobile-header-display":"","site-post-title":"disabled","ast-breadcrumbs-content":"","ast-featured-img":"","footer-sml-layout":"","ast-disable-related-posts":"","theme-transparent-header-meta":"enabled","adv-header-id-meta":"","stick-header-meta":"","header-above-stick-meta":"","header-main-stick-meta":"","header-below-stick-meta":"","astra-migrate-meta-layouts":"default","ast-page-background-enabled":"default","ast-page-background-meta":{"desktop":{"background-color":"var(--ast-global-color-5)","background-image":"","background-repeat":"repeat","background-position":"center center","background-size":"auto","background-attachment":"scroll","background-type":"","background-media":"","overlay-type":"","overlay-color":"","overlay-opacity":"","overlay-gradient":""},"tablet":{"background-color":"","background-image":"","background-repeat":"repeat","background-position":"center center","background-size":"auto","background-attachment":"scroll","background-type":"","background-media":"","overlay-type":"","overlay-color":"","overlay-opacity":"","overlay-gradient":""},"mobile":{"background-color":"","background-image":"","background-repeat":"repeat","background-position":"center center","background-size":"auto","background-attachment":"scroll","background-type":"","background-media":"","overlay-type":"","overlay-color":"","overlay-opacity":"","overlay-gradient":""}},"ast-content-background-meta":{"desktop":{"background-color":"var(--ast-global-color-4)","background-image":"","background-repeat":"repeat","background-position":"center center","background-size":"auto","background-attachment":"scroll","background-type":"","background-media":"","overlay-type":"","overlay-color":"","overlay-opacity":"","overlay-gradient":""},"tablet":{"background-color":"var(--ast-global-color-4)","background-image":"","background-repeat":"repeat","background-position":"center center","background-size":"auto","background-attachment":"scroll","background-type":"","background-media":"","overlay-type":"","overlay-color":"","overlay-opacity":"","overlay-gradient":""},"mobile":{"background-color":"var(--ast-global-color-4)","background-image":"","background-repeat":"repeat","background-position":"center center","background-size":"auto","background-attachment":"scroll","background-type":"","background-media":"","overlay-type":"","overlay-color":"","overlay-opacity":"","overlay-gradient":""}},"footnotes":""},"class_list":["post-11","page","type-page","status-publish","hentry"],"_links":{"self":[{"href":"https:\/\/creativa-me.com\/index.php\/wp-json\/wp\/v2\/pages\/11","targetHints":{"allow":["GET"]}}],"collection":[{"href":"https:\/\/creativa-me.com\/index.php\/wp-json\/wp\/v2\/pages"}],"about":[{"href":"https:\/\/creativa-me.com\/index.php\/wp-json\/wp\/v2\/types\/page"}],"author":[{"embeddable":true,"href":"https:\/\/creativa-me.com\/index.php\/wp-json\/wp\/v2\/users\/1"}],"replies":[{"embeddable":true,"href":"https:\/\/creativa-me.com\/index.php\/wp-json\/wp\/v2\/comments?post=11"}],"version-history":[{"count":109,"href":"https:\/\/creativa-me.com\/index.php\/wp-json\/wp\/v2\/pages\/11\/revisions"}],"predecessor-version":[{"id":2008,"href":"https:\/\/creativa-me.com\/index.php\/wp-json\/wp\/v2\/pages\/11\/revisions\/2008"}],"wp:attachment":[{"href":"https:\/\/creativa-me.com\/index.php\/wp-json\/wp\/v2\/media?parent=11"}],"curies":[{"name":"wp","href":"https:\/\/api.w.org\/{rel}","templated":true}]}}