{"id":117,"date":"2025-05-16T12:30:14","date_gmt":"2025-05-16T12:30:14","guid":{"rendered":"https:\/\/creativa-me.com\/?page_id=117"},"modified":"2025-05-23T08:53:36","modified_gmt":"2025-05-23T08:53:36","slug":"empresas","status":"publish","type":"page","link":"https:\/\/creativa-me.com\/index.php\/empresas\/","title":{"rendered":"Empresas"},"content":{"rendered":"\t\t<div data-elementor-type=\"wp-page\" data-elementor-id=\"117\" class=\"elementor elementor-117\" data-elementor-post-type=\"page\">\n\t\t\t\t<div class=\"elementor-element elementor-element-309c49e e-con-full e-flex e-con e-parent\" data-id=\"309c49e\" data-element_type=\"container\" data-settings=\"{&quot;background_background&quot;:&quot;classic&quot;}\">\n\t\t\t\t<div class=\"elementor-element elementor-element-628d5525 elementor-invisible elementor-widget elementor-widget-heading\" data-id=\"628d5525\" data-element_type=\"widget\" data-settings=\"{&quot;_animation&quot;:&quot;fadeInLeft&quot;}\" data-widget_type=\"heading.default\">\n\t\t\t\t<div class=\"elementor-widget-container\">\n\t\t\t\t\t<h2 class=\"elementor-heading-title elementor-size-default\">Dise\u00f1amos <\/h2>\t\t\t\t<\/div>\n\t\t\t\t<\/div>\n\t\t\t\t<div class=\"elementor-element elementor-element-46c670cf elementor-invisible elementor-widget elementor-widget-heading\" data-id=\"46c670cf\" data-element_type=\"widget\" data-settings=\"{&quot;_animation&quot;:&quot;fadeInRight&quot;}\" data-widget_type=\"heading.default\">\n\t\t\t\t<div class=\"elementor-widget-container\">\n\t\t\t\t\t<h2 class=\"elementor-heading-title elementor-size-default\">TUS IDEAS<\/h2>\t\t\t\t<\/div>\n\t\t\t\t<\/div>\n\t\t\t\t<div class=\"elementor-element elementor-element-490795b1 elementor-invisible elementor-widget elementor-widget-text-editor\" data-id=\"490795b1\" data-element_type=\"widget\" data-settings=\"{&quot;_animation&quot;:&quot;fadeInUp&quot;}\" data-widget_type=\"text-editor.default\">\n\t\t\t\t<div class=\"elementor-widget-container\">\n\t\t\t\t\t\t\t\t\t<p>Proyectamos el objetivo m\u00e1s importante <strong>para Ti<\/strong>, ver crecer a tu <strong>Empresa<\/strong>, dise\u00f1amos su <strong>Imagen<\/strong> y te ofrecemos el <strong>Soporte Publicitario<\/strong> a tu medida<\/p>\t\t\t\t\t\t\t\t<\/div>\n\t\t\t\t<\/div>\n\t\t\t\t<div class=\"elementor-element elementor-element-55024c94 elementor-invisible elementor-widget elementor-widget-image\" data-id=\"55024c94\" data-element_type=\"widget\" data-settings=\"{&quot;_animation&quot;:&quot;fadeInUp&quot;}\" data-widget_type=\"image.default\">\n\t\t\t\t<div class=\"elementor-widget-container\">\n\t\t\t\t\t\t\t\t\t\t\t\t\t\t\t<img fetchpriority=\"high\" decoding=\"async\" width=\"2000\" height=\"2000\" src=\"https:\/\/creativa-me.com\/wp-content\/uploads\/2025\/05\/rol-social-concepto-abstracto-ilustracion-vectorial-normas-sociales-estereotipos-genero-trabajadora-lider-licencia-paternidad-marido-cocinando-familia-moderna-intercambiando-roles-metafora-abstracta.png\" class=\"attachment-full size-full wp-image-73\" alt=\"\" srcset=\"https:\/\/creativa-me.com\/wp-content\/uploads\/2025\/05\/rol-social-concepto-abstracto-ilustracion-vectorial-normas-sociales-estereotipos-genero-trabajadora-lider-licencia-paternidad-marido-cocinando-familia-moderna-intercambiando-roles-metafora-abstracta.png 2000w, https:\/\/creativa-me.com\/wp-content\/uploads\/2025\/05\/rol-social-concepto-abstracto-ilustracion-vectorial-normas-sociales-estereotipos-genero-trabajadora-lider-licencia-paternidad-marido-cocinando-familia-moderna-intercambiando-roles-metafora-abstracta-300x300.png 300w, https:\/\/creativa-me.com\/wp-content\/uploads\/2025\/05\/rol-social-concepto-abstracto-ilustracion-vectorial-normas-sociales-estereotipos-genero-trabajadora-lider-licencia-paternidad-marido-cocinando-familia-moderna-intercambiando-roles-metafora-abstracta-1024x1024.png 1024w, https:\/\/creativa-me.com\/wp-content\/uploads\/2025\/05\/rol-social-concepto-abstracto-ilustracion-vectorial-normas-sociales-estereotipos-genero-trabajadora-lider-licencia-paternidad-marido-cocinando-familia-moderna-intercambiando-roles-metafora-abstracta-150x150.png 150w, https:\/\/creativa-me.com\/wp-content\/uploads\/2025\/05\/rol-social-concepto-abstracto-ilustracion-vectorial-normas-sociales-estereotipos-genero-trabajadora-lider-licencia-paternidad-marido-cocinando-familia-moderna-intercambiando-roles-metafora-abstracta-768x768.png 768w, https:\/\/creativa-me.com\/wp-content\/uploads\/2025\/05\/rol-social-concepto-abstracto-ilustracion-vectorial-normas-sociales-estereotipos-genero-trabajadora-lider-licencia-paternidad-marido-cocinando-familia-moderna-intercambiando-roles-metafora-abstracta-1536x1536.png 1536w\" sizes=\"(max-width: 2000px) 100vw, 2000px\" \/>\t\t\t\t\t\t\t\t\t\t\t\t\t\t\t<\/div>\n\t\t\t\t<\/div>\n\t\t\t\t<\/div>\n\t\t<div class=\"elementor-element elementor-element-79c692a e-con-full e-flex e-con e-parent\" data-id=\"79c692a\" data-element_type=\"container\" data-settings=\"{&quot;background_background&quot;:&quot;classic&quot;}\">\n\t\t<div class=\"elementor-element elementor-element-57ec976d e-con-full e-flex elementor-invisible e-con e-child\" data-id=\"57ec976d\" data-element_type=\"container\" data-settings=\"{&quot;animation&quot;:&quot;zoomIn&quot;}\">\n\t\t\t\t<div class=\"elementor-element elementor-element-71ad4028 elementor-widget elementor-widget-image\" data-id=\"71ad4028\" data-element_type=\"widget\" data-widget_type=\"image.default\">\n\t\t\t\t<div class=\"elementor-widget-container\">\n\t\t\t\t\t\t\t\t\t\t\t\t\t\t\t<img decoding=\"async\" width=\"1024\" height=\"1021\" src=\"https:\/\/creativa-me.com\/wp-content\/uploads\/2025\/05\/ilustracion-tamano-def-inicio-03-1024x1021.png\" class=\"attachment-large size-large wp-image-288\" alt=\"\" srcset=\"https:\/\/creativa-me.com\/wp-content\/uploads\/2025\/05\/ilustracion-tamano-def-inicio-03-1024x1021.png 1024w, https:\/\/creativa-me.com\/wp-content\/uploads\/2025\/05\/ilustracion-tamano-def-inicio-03-300x300.png 300w, https:\/\/creativa-me.com\/wp-content\/uploads\/2025\/05\/ilustracion-tamano-def-inicio-03-150x150.png 150w, https:\/\/creativa-me.com\/wp-content\/uploads\/2025\/05\/ilustracion-tamano-def-inicio-03-768x765.png 768w, https:\/\/creativa-me.com\/wp-content\/uploads\/2025\/05\/ilustracion-tamano-def-inicio-03-1536x1531.png 1536w, https:\/\/creativa-me.com\/wp-content\/uploads\/2025\/05\/ilustracion-tamano-def-inicio-03-2048x2041.png 2048w\" sizes=\"(max-width: 1024px) 100vw, 1024px\" \/>\t\t\t\t\t\t\t\t\t\t\t\t\t\t\t<\/div>\n\t\t\t\t<\/div>\n\t\t\t\t<div class=\"elementor-element elementor-element-5ddff864 elementor-widget elementor-widget-heading\" data-id=\"5ddff864\" data-element_type=\"widget\" data-widget_type=\"heading.default\">\n\t\t\t\t<div class=\"elementor-widget-container\">\n\t\t\t\t\t<h2 class=\"elementor-heading-title elementor-size-default\">DISE\u00d1O GR\u00c1FICO<\/h2>\t\t\t\t<\/div>\n\t\t\t\t<\/div>\n\t\t\t\t<\/div>\n\t\t<div class=\"elementor-element elementor-element-6fffd059 e-con-full e-flex elementor-invisible e-con e-child\" data-id=\"6fffd059\" data-element_type=\"container\" data-settings=\"{&quot;animation&quot;:&quot;zoomIn&quot;}\">\n\t\t\t\t<div class=\"elementor-element elementor-element-33c860d2 elementor-widget elementor-widget-image\" data-id=\"33c860d2\" data-element_type=\"widget\" data-widget_type=\"image.default\">\n\t\t\t\t<div class=\"elementor-widget-container\">\n\t\t\t\t\t\t\t\t\t\t\t\t\t\t\t<img decoding=\"async\" width=\"1024\" height=\"1021\" src=\"https:\/\/creativa-me.com\/wp-content\/uploads\/2025\/05\/ilustracion-tamano-def-inicio-01-1024x1021.png\" class=\"attachment-large size-large wp-image-286\" alt=\"\" srcset=\"https:\/\/creativa-me.com\/wp-content\/uploads\/2025\/05\/ilustracion-tamano-def-inicio-01-1024x1021.png 1024w, https:\/\/creativa-me.com\/wp-content\/uploads\/2025\/05\/ilustracion-tamano-def-inicio-01-300x300.png 300w, https:\/\/creativa-me.com\/wp-content\/uploads\/2025\/05\/ilustracion-tamano-def-inicio-01-150x150.png 150w, https:\/\/creativa-me.com\/wp-content\/uploads\/2025\/05\/ilustracion-tamano-def-inicio-01-768x765.png 768w, https:\/\/creativa-me.com\/wp-content\/uploads\/2025\/05\/ilustracion-tamano-def-inicio-01-1536x1531.png 1536w, https:\/\/creativa-me.com\/wp-content\/uploads\/2025\/05\/ilustracion-tamano-def-inicio-01-2048x2041.png 2048w\" sizes=\"(max-width: 1024px) 100vw, 1024px\" \/>\t\t\t\t\t\t\t\t\t\t\t\t\t\t\t<\/div>\n\t\t\t\t<\/div>\n\t\t\t\t<div class=\"elementor-element elementor-element-6dd2b899 elementor-widget elementor-widget-heading\" data-id=\"6dd2b899\" data-element_type=\"widget\" data-widget_type=\"heading.default\">\n\t\t\t\t<div class=\"elementor-widget-container\">\n\t\t\t\t\t<h2 class=\"elementor-heading-title elementor-size-default\">DISE\u00d1O WEB Y TIENDAS ONLINE<\/h2>\t\t\t\t<\/div>\n\t\t\t\t<\/div>\n\t\t\t\t<\/div>\n\t\t<div class=\"elementor-element elementor-element-881360d e-con-full e-flex elementor-invisible e-con e-child\" data-id=\"881360d\" data-element_type=\"container\" data-settings=\"{&quot;animation&quot;:&quot;zoomIn&quot;}\">\n\t\t\t\t<div class=\"elementor-element elementor-element-7c010e2 elementor-widget elementor-widget-image\" data-id=\"7c010e2\" data-element_type=\"widget\" data-widget_type=\"image.default\">\n\t\t\t\t<div class=\"elementor-widget-container\">\n\t\t\t\t\t\t\t\t\t\t\t\t\t\t\t<img loading=\"lazy\" decoding=\"async\" width=\"1024\" height=\"1021\" src=\"https:\/\/creativa-me.com\/wp-content\/uploads\/2025\/05\/ilustraciones-empresas-05-1024x1021.png\" class=\"attachment-large size-large wp-image-306\" alt=\"\" srcset=\"https:\/\/creativa-me.com\/wp-content\/uploads\/2025\/05\/ilustraciones-empresas-05-1024x1021.png 1024w, https:\/\/creativa-me.com\/wp-content\/uploads\/2025\/05\/ilustraciones-empresas-05-300x300.png 300w, https:\/\/creativa-me.com\/wp-content\/uploads\/2025\/05\/ilustraciones-empresas-05-150x150.png 150w, https:\/\/creativa-me.com\/wp-content\/uploads\/2025\/05\/ilustraciones-empresas-05-768x765.png 768w, https:\/\/creativa-me.com\/wp-content\/uploads\/2025\/05\/ilustraciones-empresas-05-1536x1531.png 1536w, https:\/\/creativa-me.com\/wp-content\/uploads\/2025\/05\/ilustraciones-empresas-05-2048x2041.png 2048w\" sizes=\"(max-width: 1024px) 100vw, 1024px\" \/>\t\t\t\t\t\t\t\t\t\t\t\t\t\t\t<\/div>\n\t\t\t\t<\/div>\n\t\t\t\t<div class=\"elementor-element elementor-element-3c8b099 elementor-widget elementor-widget-heading\" data-id=\"3c8b099\" data-element_type=\"widget\" data-widget_type=\"heading.default\">\n\t\t\t\t<div class=\"elementor-widget-container\">\n\t\t\t\t\t<h2 class=\"elementor-heading-title elementor-size-default\">REDES SOCIALES<\/h2>\t\t\t\t<\/div>\n\t\t\t\t<\/div>\n\t\t\t\t<\/div>\n\t\t<div class=\"elementor-element elementor-element-96b4c45 e-con-full e-flex elementor-invisible e-con e-child\" data-id=\"96b4c45\" data-element_type=\"container\" data-settings=\"{&quot;animation&quot;:&quot;zoomIn&quot;}\">\n\t\t\t\t<div class=\"elementor-element elementor-element-f6116f6 elementor-widget elementor-widget-image\" data-id=\"f6116f6\" data-element_type=\"widget\" data-widget_type=\"image.default\">\n\t\t\t\t<div class=\"elementor-widget-container\">\n\t\t\t\t\t\t\t\t\t\t\t\t\t\t\t<img loading=\"lazy\" decoding=\"async\" width=\"1024\" height=\"1021\" src=\"https:\/\/creativa-me.com\/wp-content\/uploads\/2025\/05\/ilustraciones-empresas-06-1024x1021.png\" class=\"attachment-large size-large wp-image-307\" alt=\"\" srcset=\"https:\/\/creativa-me.com\/wp-content\/uploads\/2025\/05\/ilustraciones-empresas-06-1024x1021.png 1024w, https:\/\/creativa-me.com\/wp-content\/uploads\/2025\/05\/ilustraciones-empresas-06-300x300.png 300w, https:\/\/creativa-me.com\/wp-content\/uploads\/2025\/05\/ilustraciones-empresas-06-150x150.png 150w, https:\/\/creativa-me.com\/wp-content\/uploads\/2025\/05\/ilustraciones-empresas-06-768x765.png 768w, https:\/\/creativa-me.com\/wp-content\/uploads\/2025\/05\/ilustraciones-empresas-06-1536x1531.png 1536w, https:\/\/creativa-me.com\/wp-content\/uploads\/2025\/05\/ilustraciones-empresas-06-2048x2041.png 2048w\" sizes=\"(max-width: 1024px) 100vw, 1024px\" \/>\t\t\t\t\t\t\t\t\t\t\t\t\t\t\t<\/div>\n\t\t\t\t<\/div>\n\t\t\t\t<div class=\"elementor-element elementor-element-2a9cea9 elementor-widget elementor-widget-heading\" data-id=\"2a9cea9\" data-element_type=\"widget\" data-widget_type=\"heading.default\">\n\t\t\t\t<div class=\"elementor-widget-container\">\n\t\t\t\t\t<h2 class=\"elementor-heading-title elementor-size-default\">ROTULACI\u00d3N<\/h2>\t\t\t\t<\/div>\n\t\t\t\t<\/div>\n\t\t\t\t<\/div>\n\t\t<div class=\"elementor-element elementor-element-a600d9c e-con-full e-flex elementor-invisible e-con e-child\" data-id=\"a600d9c\" data-element_type=\"container\" data-settings=\"{&quot;animation&quot;:&quot;zoomIn&quot;}\">\n\t\t\t\t<div class=\"elementor-element elementor-element-f32f236 elementor-widget elementor-widget-image\" data-id=\"f32f236\" data-element_type=\"widget\" data-widget_type=\"image.default\">\n\t\t\t\t<div class=\"elementor-widget-container\">\n\t\t\t\t\t\t\t\t\t\t\t\t\t\t\t<img loading=\"lazy\" decoding=\"async\" width=\"1024\" height=\"1021\" src=\"https:\/\/creativa-me.com\/wp-content\/uploads\/2025\/05\/ilustraciones-empresas-04-1024x1021.png\" class=\"attachment-large size-large wp-image-308\" alt=\"\" srcset=\"https:\/\/creativa-me.com\/wp-content\/uploads\/2025\/05\/ilustraciones-empresas-04-1024x1021.png 1024w, https:\/\/creativa-me.com\/wp-content\/uploads\/2025\/05\/ilustraciones-empresas-04-300x300.png 300w, https:\/\/creativa-me.com\/wp-content\/uploads\/2025\/05\/ilustraciones-empresas-04-150x150.png 150w, https:\/\/creativa-me.com\/wp-content\/uploads\/2025\/05\/ilustraciones-empresas-04-768x765.png 768w, https:\/\/creativa-me.com\/wp-content\/uploads\/2025\/05\/ilustraciones-empresas-04-1536x1531.png 1536w, https:\/\/creativa-me.com\/wp-content\/uploads\/2025\/05\/ilustraciones-empresas-04-2048x2041.png 2048w\" sizes=\"(max-width: 1024px) 100vw, 1024px\" \/>\t\t\t\t\t\t\t\t\t\t\t\t\t\t\t<\/div>\n\t\t\t\t<\/div>\n\t\t\t\t<div class=\"elementor-element elementor-element-f070f14 elementor-widget elementor-widget-heading\" data-id=\"f070f14\" data-element_type=\"widget\" data-widget_type=\"heading.default\">\n\t\t\t\t<div class=\"elementor-widget-container\">\n\t\t\t\t\t<h2 class=\"elementor-heading-title elementor-size-default\">SOPORTE F\u00cdSICO<\/h2>\t\t\t\t<\/div>\n\t\t\t\t<\/div>\n\t\t\t\t<\/div>\n\t\t\t\t<\/div>\n\t\t<div class=\"elementor-element elementor-element-11cf97b e-con-full e-flex e-con e-parent\" data-id=\"11cf97b\" data-element_type=\"container\">\n\t\t\t\t<div class=\"elementor-element elementor-element-1dc51bdd elementor-align-center elementor-invisible elementor-widget elementor-widget-button\" data-id=\"1dc51bdd\" data-element_type=\"widget\" data-settings=\"{&quot;_animation&quot;:&quot;fadeInUp&quot;}\" data-widget_type=\"button.default\">\n\t\t\t\t<div class=\"elementor-widget-container\">\n\t\t\t\t\t\t\t\t\t<div class=\"elementor-button-wrapper\">\n\t\t\t\t\t<a class=\"elementor-button elementor-button-link elementor-size-sm\" href=\"https:\/\/creativa-me.com\/index.php\/servicios-empresas\/\">\n\t\t\t\t\t\t<span class=\"elementor-button-content-wrapper\">\n\t\t\t\t\t\t\t\t\t<span class=\"elementor-button-text\">CONOCE NUESTROS PROYECTOS<\/span>\n\t\t\t\t\t<\/span>\n\t\t\t\t\t<\/a>\n\t\t\t\t<\/div>\n\t\t\t\t\t\t\t\t<\/div>\n\t\t\t\t<\/div>\n\t\t\t\t<\/div>\n\t\t\t\t<\/div>\n\t\t","protected":false},"excerpt":{"rendered":"<p>Dise\u00f1amos TUS IDEAS Proyectamos el objetivo m\u00e1s importante para Ti, ver crecer a tu Empresa, dise\u00f1amos su Imagen y te [&hellip;]<\/p>\n","protected":false},"author":1,"featured_media":0,"parent":0,"menu_order":0,"comment_status":"closed","ping_status":"closed","template":"","meta":{"site-sidebar-layout":"no-sidebar","site-content-layout":"","ast-site-content-layout":"full-width-container","site-content-style":"default","site-sidebar-style":"default","ast-global-header-display":"","ast-banner-title-visibility":"","ast-main-header-display":"","ast-hfb-above-header-display":"","ast-hfb-below-header-display":"","ast-hfb-mobile-header-display":"","site-post-title":"disabled","ast-breadcrumbs-content":"","ast-featured-img":"disabled","footer-sml-layout":"","ast-disable-related-posts":"","theme-transparent-header-meta":"","adv-header-id-meta":"","stick-header-meta":"","header-above-stick-meta":"","header-main-stick-meta":"","header-below-stick-meta":"","astra-migrate-meta-layouts":"default","ast-page-background-enabled":"default","ast-page-background-meta":{"desktop":{"background-color":"var(--ast-global-color-5)","background-image":"","background-repeat":"repeat","background-position":"center center","background-size":"auto","background-attachment":"scroll","background-type":"","background-media":"","overlay-type":"","overlay-color":"","overlay-opacity":"","overlay-gradient":""},"tablet":{"background-color":"","background-image":"","background-repeat":"repeat","background-position":"center center","background-size":"auto","background-attachment":"scroll","background-type":"","background-media":"","overlay-type":"","overlay-color":"","overlay-opacity":"","overlay-gradient":""},"mobile":{"background-color":"","background-image":"","background-repeat":"repeat","background-position":"center center","background-size":"auto","background-attachment":"scroll","background-type":"","background-media":"","overlay-type":"","overlay-color":"","overlay-opacity":"","overlay-gradient":""}},"ast-content-background-meta":{"desktop":{"background-color":"var(--ast-global-color-4)","background-image":"","background-repeat":"repeat","background-position":"center center","background-size":"auto","background-attachment":"scroll","background-type":"","background-media":"","overlay-type":"","overlay-color":"","overlay-opacity":"","overlay-gradient":""},"tablet":{"background-color":"var(--ast-global-color-4)","background-image":"","background-repeat":"repeat","background-position":"center center","background-size":"auto","background-attachment":"scroll","background-type":"","background-media":"","overlay-type":"","overlay-color":"","overlay-opacity":"","overlay-gradient":""},"mobile":{"background-color":"var(--ast-global-color-4)","background-image":"","background-repeat":"repeat","background-position":"center center","background-size":"auto","background-attachment":"scroll","background-type":"","background-media":"","overlay-type":"","overlay-color":"","overlay-opacity":"","overlay-gradient":""}},"footnotes":""},"class_list":["post-117","page","type-page","status-publish","hentry"],"_links":{"self":[{"href":"https:\/\/creativa-me.com\/index.php\/wp-json\/wp\/v2\/pages\/117","targetHints":{"allow":["GET"]}}],"collection":[{"href":"https:\/\/creativa-me.com\/index.php\/wp-json\/wp\/v2\/pages"}],"about":[{"href":"https:\/\/creativa-me.com\/index.php\/wp-json\/wp\/v2\/types\/page"}],"author":[{"embeddable":true,"href":"https:\/\/creativa-me.com\/index.php\/wp-json\/wp\/v2\/users\/1"}],"replies":[{"embeddable":true,"href":"https:\/\/creativa-me.com\/index.php\/wp-json\/wp\/v2\/comments?post=117"}],"version-history":[{"count":25,"href":"https:\/\/creativa-me.com\/index.php\/wp-json\/wp\/v2\/pages\/117\/revisions"}],"predecessor-version":[{"id":435,"href":"https:\/\/creativa-me.com\/index.php\/wp-json\/wp\/v2\/pages\/117\/revisions\/435"}],"wp:attachment":[{"href":"https:\/\/creativa-me.com\/index.php\/wp-json\/wp\/v2\/media?parent=117"}],"curies":[{"name":"wp","href":"https:\/\/api.w.org\/{rel}","templated":true}]}}