{"id":218,"date":"2025-05-19T12:56:29","date_gmt":"2025-05-19T12:56:29","guid":{"rendered":"https:\/\/creativa-me.com\/?page_id=218"},"modified":"2025-05-22T10:47:41","modified_gmt":"2025-05-22T10:47:41","slug":"blog","status":"publish","type":"page","link":"https:\/\/creativa-me.com\/index.php\/blog\/","title":{"rendered":"BLOG"},"content":{"rendered":"\t\t<div data-elementor-type=\"wp-page\" data-elementor-id=\"218\" class=\"elementor elementor-218\" data-elementor-post-type=\"page\">\n\t\t\t\t<div class=\"elementor-element elementor-element-10fad42 e-con-full e-flex e-con e-parent\" data-id=\"10fad42\" data-element_type=\"container\" data-settings=\"{&quot;background_background&quot;:&quot;classic&quot;}\">\n\t\t\t\t<div class=\"elementor-element elementor-element-2173f899 elementor-invisible elementor-widget elementor-widget-heading\" data-id=\"2173f899\" data-element_type=\"widget\" data-settings=\"{&quot;_animation&quot;:&quot;fadeInLeft&quot;}\" data-widget_type=\"heading.default\">\n\t\t\t\t<div class=\"elementor-widget-container\">\n\t\t\t\t\t<h2 class=\"elementor-heading-title elementor-size-default\">\u00a1Est\u00e1te al d\u00eda<\/h2>\t\t\t\t<\/div>\n\t\t\t\t<\/div>\n\t\t\t\t<div class=\"elementor-element elementor-element-2ab68514 elementor-invisible elementor-widget elementor-widget-heading\" data-id=\"2ab68514\" data-element_type=\"widget\" data-settings=\"{&quot;_animation&quot;:&quot;fadeInRight&quot;}\" data-widget_type=\"heading.default\">\n\t\t\t\t<div class=\"elementor-widget-container\">\n\t\t\t\t\t<h2 class=\"elementor-heading-title elementor-size-default\">DE TODO!<\/h2>\t\t\t\t<\/div>\n\t\t\t\t<\/div>\n\t\t\t\t<div class=\"elementor-element elementor-element-25a4515c elementor-invisible elementor-widget elementor-widget-text-editor\" data-id=\"25a4515c\" data-element_type=\"widget\" data-settings=\"{&quot;_animation&quot;:&quot;fadeInUp&quot;}\" data-widget_type=\"text-editor.default\">\n\t\t\t\t<div class=\"elementor-widget-container\">\n\t\t\t\t\t\t\t\t\t<p><strong>\u00bf<\/strong>Te gustar\u00eda saber todo sobre<strong> Dise\u00f1o Gr\u00e1fico<\/strong>, <strong>Publicidad<\/strong>, <strong>Marketing<\/strong> y <strong>Producci\u00f3n Gr\u00e1fica?<\/strong><\/p><p>\u00a1En nuestro <strong>BLOG<\/strong> encontrar\u00e1s todas las <strong>Tendencias<\/strong>, <strong>Tips<\/strong>, e <strong>Informaci\u00f3n<\/strong> <strong>Clave<\/strong> de estos sectores!<\/p>\t\t\t\t\t\t\t\t<\/div>\n\t\t\t\t<\/div>\n\t\t\t\t<div class=\"elementor-element elementor-element-6e7122ee elementor-invisible elementor-widget elementor-widget-image\" data-id=\"6e7122ee\" data-element_type=\"widget\" data-settings=\"{&quot;_animation&quot;:&quot;fadeInUp&quot;}\" data-widget_type=\"image.default\">\n\t\t\t\t<div class=\"elementor-widget-container\">\n\t\t\t\t\t\t\t\t\t\t\t\t\t\t\t<img fetchpriority=\"high\" decoding=\"async\" width=\"2000\" height=\"2000\" src=\"https:\/\/creativa-me.com\/wp-content\/uploads\/2025\/05\/ilustracion-vector-concepto-abstracto-prueba-usabilidad.png\" class=\"attachment-full size-full wp-image-224\" alt=\"\" srcset=\"https:\/\/creativa-me.com\/wp-content\/uploads\/2025\/05\/ilustracion-vector-concepto-abstracto-prueba-usabilidad.png 2000w, https:\/\/creativa-me.com\/wp-content\/uploads\/2025\/05\/ilustracion-vector-concepto-abstracto-prueba-usabilidad-300x300.png 300w, https:\/\/creativa-me.com\/wp-content\/uploads\/2025\/05\/ilustracion-vector-concepto-abstracto-prueba-usabilidad-1024x1024.png 1024w, https:\/\/creativa-me.com\/wp-content\/uploads\/2025\/05\/ilustracion-vector-concepto-abstracto-prueba-usabilidad-150x150.png 150w, https:\/\/creativa-me.com\/wp-content\/uploads\/2025\/05\/ilustracion-vector-concepto-abstracto-prueba-usabilidad-768x768.png 768w, https:\/\/creativa-me.com\/wp-content\/uploads\/2025\/05\/ilustracion-vector-concepto-abstracto-prueba-usabilidad-1536x1536.png 1536w\" sizes=\"(max-width: 2000px) 100vw, 2000px\" \/>\t\t\t\t\t\t\t\t\t\t\t\t\t\t\t<\/div>\n\t\t\t\t<\/div>\n\t\t\t\t<div class=\"elementor-element elementor-element-4bd7f487 elementor-align-center elementor-invisible elementor-widget elementor-widget-button\" data-id=\"4bd7f487\" data-element_type=\"widget\" data-settings=\"{&quot;_animation&quot;:&quot;fadeInUp&quot;}\" data-widget_type=\"button.default\">\n\t\t\t\t<div class=\"elementor-widget-container\">\n\t\t\t\t\t\t\t\t\t<div class=\"elementor-button-wrapper\">\n\t\t\t\t\t<a class=\"elementor-button elementor-button-link elementor-size-sm\" href=\"#\">\n\t\t\t\t\t\t<span class=\"elementor-button-content-wrapper\">\n\t\t\t\t\t\t\t\t\t<span class=\"elementor-button-text\">CONOCE NUESTROS PROYECTOS<\/span>\n\t\t\t\t\t<\/span>\n\t\t\t\t\t<\/a>\n\t\t\t\t<\/div>\n\t\t\t\t\t\t\t\t<\/div>\n\t\t\t\t<\/div>\n\t\t\t\t<\/div>\n\t\t<div class=\"elementor-element elementor-element-be30c7f e-con-full e-flex e-con e-parent\" data-id=\"be30c7f\" data-element_type=\"container\">\n\t\t\t\t<div class=\"elementor-element elementor-element-d6441f7 elementor-grid-4 elementor-grid-tablet-2 elementor-grid-mobile-1 elementor-posts--thumbnail-top elementor-widget elementor-widget-posts\" data-id=\"d6441f7\" data-element_type=\"widget\" data-settings=\"{&quot;classic_columns&quot;:&quot;4&quot;,&quot;classic_row_gap&quot;:{&quot;unit&quot;:&quot;px&quot;,&quot;size&quot;:31,&quot;sizes&quot;:[]},&quot;classic_columns_tablet&quot;:&quot;2&quot;,&quot;classic_columns_mobile&quot;:&quot;1&quot;,&quot;classic_row_gap_tablet&quot;:{&quot;unit&quot;:&quot;px&quot;,&quot;size&quot;:&quot;&quot;,&quot;sizes&quot;:[]},&quot;classic_row_gap_mobile&quot;:{&quot;unit&quot;:&quot;px&quot;,&quot;size&quot;:&quot;&quot;,&quot;sizes&quot;:[]}}\" data-widget_type=\"posts.classic\">\n\t\t\t\t<div class=\"elementor-widget-container\">\n\t\t\t\t\t\t\t<div class=\"elementor-posts-container elementor-posts elementor-posts--skin-classic elementor-grid\" role=\"list\">\n\t\t\t\t<article class=\"elementor-post elementor-grid-item post-229 post type-post status-publish format-standard has-post-thumbnail hentry category-uncategorized\" role=\"listitem\">\n\t\t\t\t<a class=\"elementor-post__thumbnail__link\" href=\"https:\/\/creativa-me.com\/index.php\/2025\/05\/20\/tendencias-en-diseno-grafico-2025-lo-que-nos-inspira-en-creativame\/\" tabindex=\"-1\" >\n\t\t\t<div class=\"elementor-post__thumbnail\"><img decoding=\"async\" width=\"768\" height=\"1024\" src=\"https:\/\/creativa-me.com\/wp-content\/uploads\/2025\/05\/IMAGEN-EDITADA-CORECCCTA-768x1024.png\" class=\"attachment-medium_large size-medium_large wp-image-33\" alt=\"\" srcset=\"https:\/\/creativa-me.com\/wp-content\/uploads\/2025\/05\/IMAGEN-EDITADA-CORECCCTA-768x1024.png 768w, https:\/\/creativa-me.com\/wp-content\/uploads\/2025\/05\/IMAGEN-EDITADA-CORECCCTA-225x300.png 225w, https:\/\/creativa-me.com\/wp-content\/uploads\/2025\/05\/IMAGEN-EDITADA-CORECCCTA-1152x1536.png 1152w, https:\/\/creativa-me.com\/wp-content\/uploads\/2025\/05\/IMAGEN-EDITADA-CORECCCTA-1536x2048.png 1536w, https:\/\/creativa-me.com\/wp-content\/uploads\/2025\/05\/IMAGEN-EDITADA-CORECCCTA-scaled.png 1920w\" sizes=\"(max-width: 768px) 100vw, 768px\" \/><\/div>\n\t\t<\/a>\n\t\t\t\t<div class=\"elementor-post__text\">\n\t\t\t\t<h1 class=\"elementor-post__title\">\n\t\t\t<a href=\"https:\/\/creativa-me.com\/index.php\/2025\/05\/20\/tendencias-en-diseno-grafico-2025-lo-que-nos-inspira-en-creativame\/\" >\n\t\t\t\tTendencias en Dise\u00f1o Gr\u00e1fico 2025 \u2013 Lo que nos inspira en creativaME\t\t\t<\/a>\n\t\t<\/h1>\n\t\t\t\t<div class=\"elementor-post__meta-data\">\n\t\t\t\t\t<span class=\"elementor-post-date\">\n\t\t\tmayo 20, 2025\t\t<\/span>\n\t\t\t\t<\/div>\n\t\t\n\t\t<a class=\"elementor-post__read-more\" href=\"https:\/\/creativa-me.com\/index.php\/2025\/05\/20\/tendencias-en-diseno-grafico-2025-lo-que-nos-inspira-en-creativame\/\" aria-label=\"Read more about Tendencias en Dise\u00f1o Gr\u00e1fico 2025 \u2013 Lo que nos inspira en creativaME\" tabindex=\"-1\" >\n\t\t\t\u00a1Quiero saber m\u00e1s!\t\t<\/a>\n\n\t\t\t\t<\/div>\n\t\t\t\t<\/article>\n\t\t\t\t<\/div>\n\t\t\n\t\t\t\t\t\t<\/div>\n\t\t\t\t<\/div>\n\t\t\t\t<\/div>\n\t\t\t\t<\/div>\n\t\t","protected":false},"excerpt":{"rendered":"<p>\u00a1Est\u00e1te al d\u00eda DE TODO! \u00bfTe gustar\u00eda saber todo sobre Dise\u00f1o Gr\u00e1fico, Publicidad, Marketing y Producci\u00f3n Gr\u00e1fica? \u00a1En nuestro BLOG<\/p>\n","protected":false},"author":1,"featured_media":0,"parent":0,"menu_order":0,"comment_status":"closed","ping_status":"closed","template":"","meta":{"site-sidebar-layout":"no-sidebar","site-content-layout":"","ast-site-content-layout":"full-width-container","site-content-style":"default","site-sidebar-style":"default","ast-global-header-display":"","ast-banner-title-visibility":"","ast-main-header-display":"","ast-hfb-above-header-display":"","ast-hfb-below-header-display":"","ast-hfb-mobile-header-display":"","site-post-title":"disabled","ast-breadcrumbs-content":"","ast-featured-img":"disabled","footer-sml-layout":"","ast-disable-related-posts":"","theme-transparent-header-meta":"","adv-header-id-meta":"","stick-header-meta":"","header-above-stick-meta":"","header-main-stick-meta":"","header-below-stick-meta":"","astra-migrate-meta-layouts":"default","ast-page-background-enabled":"default","ast-page-background-meta":{"desktop":{"background-color":"var(--ast-global-color-5)","background-image":"","background-repeat":"repeat","background-position":"center center","background-size":"auto","background-attachment":"scroll","background-type":"","background-media":"","overlay-type":"","overlay-color":"","overlay-opacity":"","overlay-gradient":""},"tablet":{"background-color":"","background-image":"","background-repeat":"repeat","background-position":"center center","background-size":"auto","background-attachment":"scroll","background-type":"","background-media":"","overlay-type":"","overlay-color":"","overlay-opacity":"","overlay-gradient":""},"mobile":{"background-color":"","background-image":"","background-repeat":"repeat","background-position":"center center","background-size":"auto","background-attachment":"scroll","background-type":"","background-media":"","overlay-type":"","overlay-color":"","overlay-opacity":"","overlay-gradient":""}},"ast-content-background-meta":{"desktop":{"background-color":"var(--ast-global-color-4)","background-image":"","background-repeat":"repeat","background-position":"center center","background-size":"auto","background-attachment":"scroll","background-type":"","background-media":"","overlay-type":"","overlay-color":"","overlay-opacity":"","overlay-gradient":""},"tablet":{"background-color":"var(--ast-global-color-4)","background-image":"","background-repeat":"repeat","background-position":"center center","background-size":"auto","background-attachment":"scroll","background-type":"","background-media":"","overlay-type":"","overlay-color":"","overlay-opacity":"","overlay-gradient":""},"mobile":{"background-color":"var(--ast-global-color-4)","background-image":"","background-repeat":"repeat","background-position":"center center","background-size":"auto","background-attachment":"scroll","background-type":"","background-media":"","overlay-type":"","overlay-color":"","overlay-opacity":"","overlay-gradient":""}},"footnotes":""},"class_list":["post-218","page","type-page","status-publish","hentry"],"_links":{"self":[{"href":"https:\/\/creativa-me.com\/index.php\/wp-json\/wp\/v2\/pages\/218","targetHints":{"allow":["GET"]}}],"collection":[{"href":"https:\/\/creativa-me.com\/index.php\/wp-json\/wp\/v2\/pages"}],"about":[{"href":"https:\/\/creativa-me.com\/index.php\/wp-json\/wp\/v2\/types\/page"}],"author":[{"embeddable":true,"href":"https:\/\/creativa-me.com\/index.php\/wp-json\/wp\/v2\/users\/1"}],"replies":[{"embeddable":true,"href":"https:\/\/creativa-me.com\/index.php\/wp-json\/wp\/v2\/comments?post=218"}],"version-history":[{"count":19,"href":"https:\/\/creativa-me.com\/index.php\/wp-json\/wp\/v2\/pages\/218\/revisions"}],"predecessor-version":[{"id":389,"href":"https:\/\/creativa-me.com\/index.php\/wp-json\/wp\/v2\/pages\/218\/revisions\/389"}],"wp:attachment":[{"href":"https:\/\/creativa-me.com\/index.php\/wp-json\/wp\/v2\/media?parent=218"}],"curies":[{"name":"wp","href":"https:\/\/api.w.org\/{rel}","templated":true}]}}